{"id":247,"date":"2025-12-01T15:38:40","date_gmt":"2025-12-01T14:38:40","guid":{"rendered":"https:\/\/ambtz.restaurant\/?page_id=247"},"modified":"2026-02-20T16:10:32","modified_gmt":"2026-02-20T15:10:32","slug":"le-restaurant","status":"publish","type":"page","link":"https:\/\/ambtz.restaurant\/","title":{"rendered":"LA CUISINE"},"content":{"rendered":"\n<div class=\"wp-block-media-text is-stacked-on-mobile\"><figure class=\"wp-block-media-text__media\"><img loading=\"lazy\" decoding=\"async\" width=\"771\" height=\"1024\" src=\"https:\/\/ambtz.restaurant\/wp-content\/uploads\/2025\/12\/IMG-20251119-WA0030-1-771x1024.jpg\" alt=\"\" class=\"wp-image-343 size-full\" srcset=\"https:\/\/ambtz.restaurant\/wp-content\/uploads\/2025\/12\/IMG-20251119-WA0030-1-771x1024.jpg 771w, https:\/\/ambtz.restaurant\/wp-content\/uploads\/2025\/12\/IMG-20251119-WA0030-1-226x300.jpg 226w, https:\/\/ambtz.restaurant\/wp-content\/uploads\/2025\/12\/IMG-20251119-WA0030-1-768x1021.jpg 768w, https:\/\/ambtz.restaurant\/wp-content\/uploads\/2025\/12\/IMG-20251119-WA0030-1-1156x1536.jpg 1156w, https:\/\/ambtz.restaurant\/wp-content\/uploads\/2025\/12\/IMG-20251119-WA0030-1.jpg 1204w\" sizes=\"auto, (max-width: 706px) 89vw, (max-width: 767px) 82vw, 740px\" \/><\/figure><div class=\"wp-block-media-text__content\">\n<p>C&rsquo;est avec une cuisine fran\u00e7aise et contemporaine aux libres inspirations que la Cheffe Annelise r\u00e9gale vos papilles toute l&rsquo;ann\u00e9e. \u00c0 sa \u00ab\u00a0Table de saison\u00a0\u00bb, la carte est renouvel\u00e9e tous les deux mois pour vous proposer le meilleur des fruits et l\u00e9gumes du moment. P\u00e2tissi\u00e8re de formation, elle ne manquera pas de vous surprendre avec ses jeux de textures et associations de saveurs de l&rsquo;entr\u00e9e jusqu&rsquo;au dessert.<\/p>\n<\/div><\/div>\n\n\n\n<h1 class=\"wp-block-heading\">LE RESTAURANT<\/h1>\n\n\n\n<p class=\"has-text-align-center\">AM RESTAURANT &#8211; 14 AVENUE DE VERDUN 64200 BIARRITZ &#8211; 07 61 48 91 48<\/p>\n\n\n\n<div class=\"wp-block-media-text has-media-on-the-right is-stacked-on-mobile\" style=\"grid-template-columns:auto 46%\"><div class=\"wp-block-media-text__content\">\n<p>C&rsquo;est \u00e0 une centaine de m\u00e8tres de la place Cl\u00e9menceau, en plein centre de BIARRITZ, que vous trouverez le restaurant AM.<\/p>\n<\/div><figure class=\"wp-block-media-text__media\"><img loading=\"lazy\" decoding=\"async\" width=\"1024\" height=\"771\" src=\"https:\/\/ambtz.restaurant\/wp-content\/uploads\/2025\/12\/IMG-20251119-WA0001-1024x771.jpg\" alt=\"\" class=\"wp-image-299 size-full\" srcset=\"https:\/\/ambtz.restaurant\/wp-content\/uploads\/2025\/12\/IMG-20251119-WA0001-1024x771.jpg 1024w, https:\/\/ambtz.restaurant\/wp-content\/uploads\/2025\/12\/IMG-20251119-WA0001-300x226.jpg 300w, https:\/\/ambtz.restaurant\/wp-content\/uploads\/2025\/12\/IMG-20251119-WA0001-768x578.jpg 768w, https:\/\/ambtz.restaurant\/wp-content\/uploads\/2025\/12\/IMG-20251119-WA0001-1536x1156.jpg 1536w, https:\/\/ambtz.restaurant\/wp-content\/uploads\/2025\/12\/IMG-20251119-WA0001.jpg 1600w\" sizes=\"auto, (max-width: 706px) 89vw, (max-width: 767px) 82vw, 740px\" \/><\/figure><\/div>\n\n\n\n<div class=\"wp-block-media-text is-stacked-on-mobile\"><figure class=\"wp-block-media-text__media\"><img loading=\"lazy\" decoding=\"async\" width=\"1024\" height=\"771\" src=\"https:\/\/ambtz.restaurant\/wp-content\/uploads\/2025\/12\/IMG-20251119-WA0000-1024x771.jpg\" alt=\"\" class=\"wp-image-298 size-full\" srcset=\"https:\/\/ambtz.restaurant\/wp-content\/uploads\/2025\/12\/IMG-20251119-WA0000-1024x771.jpg 1024w, https:\/\/ambtz.restaurant\/wp-content\/uploads\/2025\/12\/IMG-20251119-WA0000-300x226.jpg 300w, https:\/\/ambtz.restaurant\/wp-content\/uploads\/2025\/12\/IMG-20251119-WA0000-768x578.jpg 768w, https:\/\/ambtz.restaurant\/wp-content\/uploads\/2025\/12\/IMG-20251119-WA0000-1536x1156.jpg 1536w, https:\/\/ambtz.restaurant\/wp-content\/uploads\/2025\/12\/IMG-20251119-WA0000.jpg 1600w\" sizes=\"auto, (max-width: 706px) 89vw, (max-width: 767px) 82vw, 740px\" \/><\/figure><div class=\"wp-block-media-text__content\">\n<div class=\"wp-block-group is-nowrap is-layout-flex wp-container-core-group-is-layout-ad2f72ca wp-block-group-is-layout-flex\">\n<p>Le temps d&rsquo;un repas, profitez agr\u00e9ablement install\u00e9 d&rsquo;une ambiance cosy dans un cadre \u00e9l\u00e9gant et d\u00e9contract\u00e9. <\/p>\n<\/div>\n<\/div><\/div>\n\n\n\n<div class=\"wp-block-media-text is-stacked-on-mobile\"><figure class=\"wp-block-media-text__media\"><img loading=\"lazy\" decoding=\"async\" width=\"1024\" height=\"614\" src=\"https:\/\/ambtz.restaurant\/wp-content\/uploads\/2025\/06\/cropped-IMG-20250607-WA0007-1-1024x614.jpg\" alt=\"\" class=\"wp-image-297 size-full\" srcset=\"https:\/\/ambtz.restaurant\/wp-content\/uploads\/2025\/06\/cropped-IMG-20250607-WA0007-1-1024x614.jpg 1024w, https:\/\/ambtz.restaurant\/wp-content\/uploads\/2025\/06\/cropped-IMG-20250607-WA0007-1-300x180.jpg 300w, https:\/\/ambtz.restaurant\/wp-content\/uploads\/2025\/06\/cropped-IMG-20250607-WA0007-1-768x460.jpg 768w, https:\/\/ambtz.restaurant\/wp-content\/uploads\/2025\/06\/cropped-IMG-20250607-WA0007-1-1536x921.jpg 1536w, https:\/\/ambtz.restaurant\/wp-content\/uploads\/2025\/06\/cropped-IMG-20250607-WA0007-1.jpg 2000w\" sizes=\"auto, (max-width: 706px) 89vw, (max-width: 767px) 82vw, 740px\" \/><\/figure><div class=\"wp-block-media-text__content\">\n<p>Terrasse d&rsquo;\u00e9t\u00e9<\/p>\n<\/div><\/div>\n","protected":false},"excerpt":{"rendered":"<p>C&rsquo;est avec une cuisine fran\u00e7aise et contemporaine aux libres inspirations que la Cheffe Annelise r\u00e9gale vos papilles toute l&rsquo;ann\u00e9e. \u00c0 sa \u00ab\u00a0Table de saison\u00a0\u00bb, la carte est renouvel\u00e9e tous les deux mois pour vous proposer le meilleur des fruits et l\u00e9gumes du moment. P\u00e2tissi\u00e8re de formation, elle ne manquera pas de vous surprendre avec ses &hellip; <\/p>\n<p class=\"link-more\"><a href=\"https:\/\/ambtz.restaurant\/\" class=\"more-link\">Continuer la lecture<span class=\"screen-reader-text\"> de &laquo;&nbsp;LA CUISINE&nbsp;&raquo;<\/span><\/a><\/p>\n","protected":false},"author":1,"featured_media":0,"parent":0,"menu_order":0,"comment_status":"closed","ping_status":"closed","template":"","meta":{"footnotes":""},"class_list":["post-247","page","type-page","status-publish","hentry"],"_links":{"self":[{"href":"https:\/\/ambtz.restaurant\/index.php\/wp-json\/wp\/v2\/pages\/247","targetHints":{"allow":["GET"]}}],"collection":[{"href":"https:\/\/ambtz.restaurant\/index.php\/wp-json\/wp\/v2\/pages"}],"about":[{"href":"https:\/\/ambtz.restaurant\/index.php\/wp-json\/wp\/v2\/types\/page"}],"author":[{"embeddable":true,"href":"https:\/\/ambtz.restaurant\/index.php\/wp-json\/wp\/v2\/users\/1"}],"replies":[{"embeddable":true,"href":"https:\/\/ambtz.restaurant\/index.php\/wp-json\/wp\/v2\/comments?post=247"}],"version-history":[{"count":10,"href":"https:\/\/ambtz.restaurant\/index.php\/wp-json\/wp\/v2\/pages\/247\/revisions"}],"predecessor-version":[{"id":372,"href":"https:\/\/ambtz.restaurant\/index.php\/wp-json\/wp\/v2\/pages\/247\/revisions\/372"}],"wp:attachment":[{"href":"https:\/\/ambtz.restaurant\/index.php\/wp-json\/wp\/v2\/media?parent=247"}],"curies":[{"name":"wp","href":"https:\/\/api.w.org\/{rel}","templated":true}]}}